{"id":8,"date":"2019-03-11T19:55:59","date_gmt":"2019-03-11T18:55:59","guid":{"rendered":"http:\/\/esprit-finitions.fr\/?page_id=8"},"modified":"2020-05-31T16:42:15","modified_gmt":"2020-05-31T14:42:15","slug":"about","status":"publish","type":"page","link":"https:\/\/esprit-finitions.fr\/index.php\/about\/","title":{"rendered":"A propos"},"content":{"rendered":"<h1><span style=\"color: #ffffff;\">Aude Chabrol<\/span><\/h1>\n<p><strong>Parcours professionnel<\/strong><\/p>\n<p>&#8220;J\u2019\u00e9volue depuis longtemps dans le domaine du mobilier et de l\u2019agencement. Mon parcours t\u00e9moigne de mon exp\u00e9rience de ma passion, plac\u00e9 sous le signe de la conception, du dessin, de la production et un go\u00fbt pour les choses -bien finies-.&#8221;<\/p>\n<ul>\n<li>\u00c9B\u00c9NISTE &#8211; CAP (1992 &#8211; \u00c9cole Boulle)<\/li>\n<li>Formation VERNISSEUR AU TAMPON ET FINITIONS TRADITIONNELLES (en 2 ans &#8211; &#8220;CFA La Bonne Graine&#8221;)<\/li>\n<li>CAP DESSINATEUR EN AMEUBLEMENT<\/li>\n<li>BMA \u00c9B\u00c9NISTERIE<\/li>\n<\/ul>\n\n\n<div class=\"wp-block-image\"><figure class=\"aligncenter size-large\"><img loading=\"lazy\" decoding=\"async\" width=\"376\" height=\"500\" src=\"http:\/\/esprit-finitions.fr\/wp-content\/uploads\/2020\/05\/bureau-barreau-1.jpg\" alt=\"\" class=\"wp-image-126\" srcset=\"https:\/\/esprit-finitions.fr\/wp-content\/uploads\/2020\/05\/bureau-barreau-1.jpg 376w, https:\/\/esprit-finitions.fr\/wp-content\/uploads\/2020\/05\/bureau-barreau-1-226x300.jpg 226w\" sizes=\"(max-width: 376px) 100vw, 376px\" \/><\/figure><\/div>\n","protected":false},"excerpt":{"rendered":"<p>Aude Chabrol Parcours professionnel &#8220;J\u2019\u00e9volue depuis longtemps dans le domaine du mobilier et de l\u2019agencement. Mon parcours t\u00e9moigne de mon exp\u00e9rience de ma passion, plac\u00e9 sous le signe de la conception, du dessin, de la production et un go\u00fbt pour les choses -bien finies-.&#8221; \u00c9B\u00c9NISTE &#8211; CAP (1992 &#8211; \u00c9cole Boulle) Formation VERNISSEUR AU TAMPON [&hellip;]<\/p>\n","protected":false},"author":1,"featured_media":0,"parent":0,"menu_order":0,"comment_status":"closed","ping_status":"closed","template":"","meta":{"footnotes":""},"_links":{"self":[{"href":"https:\/\/esprit-finitions.fr\/index.php\/wp-json\/wp\/v2\/pages\/8"}],"collection":[{"href":"https:\/\/esprit-finitions.fr\/index.php\/wp-json\/wp\/v2\/pages"}],"about":[{"href":"https:\/\/esprit-finitions.fr\/index.php\/wp-json\/wp\/v2\/types\/page"}],"author":[{"embeddable":true,"href":"https:\/\/esprit-finitions.fr\/index.php\/wp-json\/wp\/v2\/users\/1"}],"replies":[{"embeddable":true,"href":"https:\/\/esprit-finitions.fr\/index.php\/wp-json\/wp\/v2\/comments?post=8"}],"version-history":[{"count":7,"href":"https:\/\/esprit-finitions.fr\/index.php\/wp-json\/wp\/v2\/pages\/8\/revisions"}],"predecessor-version":[{"id":157,"href":"https:\/\/esprit-finitions.fr\/index.php\/wp-json\/wp\/v2\/pages\/8\/revisions\/157"}],"wp:attachment":[{"href":"https:\/\/esprit-finitions.fr\/index.php\/wp-json\/wp\/v2\/media?parent=8"}],"curies":[{"name":"wp","href":"https:\/\/api.w.org\/{rel}","templated":true}]}}