{"id":70,"date":"2019-04-22T18:21:59","date_gmt":"2019-04-22T16:21:59","guid":{"rendered":"http:\/\/esprit-finitions.fr\/?page_id=70"},"modified":"2020-05-31T16:23:54","modified_gmt":"2020-05-31T14:23:54","slug":"le-saviez-vous","status":"publish","type":"page","link":"https:\/\/esprit-finitions.fr\/index.php\/le-saviez-vous\/","title":{"rendered":"Le saviez-vous ?"},"content":{"rendered":"\n<h3 class=\"wp-block-heading\" id=\"u979-4\"><span style=\"color:#ffffff\" class=\"has-inline-color\">La laque n\u2019est pas brillante : c\u2019est le vernis qui donne un effet brillant. La laque est colorante.<\/span><\/h3>\n\n\n\n<p><strong>D\u00e9finitions<\/strong><\/p>\n\n\n\n<h4 class=\"wp-block-heading\" id=\"u979-9\"><span style=\"color:#ffffff\" class=\"has-inline-color\">VERNIS<\/span><\/h4>\n\n\n\n<p><em>(Larousse) Pr\u00e9paration non pigment\u00e9e, compos\u00e9e de liants, de solvants et, \u00e9ventuellement, de diluants et d&#8217;adjuvants, susceptible de donner, par application en couches minces sur des subjectiles convenablement pr\u00e9par\u00e9s, des films adh\u00e9rents et durs, translucides et brillants.<\/em><\/p>\n\n\n\n<h4 class=\"wp-block-heading\" id=\"u979-13\"><span style=\"color:#ffffff\" class=\"has-inline-color\">LAQUE<\/span><\/h4>\n\n\n\n<p><em>(Larousse) Mati\u00e8re colorante organique soluble, formant un rev\u00eatement protecteur et souvent d\u00e9coratif.<\/em><\/p>\n\n\n\n<h4 class=\"wp-block-heading\" id=\"u979-17\"><span style=\"color:#ffffff\" class=\"has-inline-color\">TEINTE<\/span><\/h4>\n\n\n\n<p><em>Effet color\u00e9 qui donne \u00e0 un objet une couleur diff\u00e9rente de sa couleur naturelle. Ex : teinter du bois blanc en acajou.<\/em><\/p>\n","protected":false},"excerpt":{"rendered":"<p>La laque n\u2019est pas brillante : c\u2019est le vernis qui donne un effet brillant. La laque est colorante. D\u00e9finitions VERNIS (Larousse) Pr\u00e9paration non pigment\u00e9e, compos\u00e9e de liants, de solvants et, \u00e9ventuellement, de diluants et d&#8217;adjuvants, susceptible de donner, par application en couches minces sur des subjectiles convenablement pr\u00e9par\u00e9s, des films adh\u00e9rents et durs, translucides et [&hellip;]<\/p>\n","protected":false},"author":1,"featured_media":0,"parent":0,"menu_order":0,"comment_status":"closed","ping_status":"closed","template":"","meta":{"footnotes":""},"_links":{"self":[{"href":"https:\/\/esprit-finitions.fr\/index.php\/wp-json\/wp\/v2\/pages\/70"}],"collection":[{"href":"https:\/\/esprit-finitions.fr\/index.php\/wp-json\/wp\/v2\/pages"}],"about":[{"href":"https:\/\/esprit-finitions.fr\/index.php\/wp-json\/wp\/v2\/types\/page"}],"author":[{"embeddable":true,"href":"https:\/\/esprit-finitions.fr\/index.php\/wp-json\/wp\/v2\/users\/1"}],"replies":[{"embeddable":true,"href":"https:\/\/esprit-finitions.fr\/index.php\/wp-json\/wp\/v2\/comments?post=70"}],"version-history":[{"count":3,"href":"https:\/\/esprit-finitions.fr\/index.php\/wp-json\/wp\/v2\/pages\/70\/revisions"}],"predecessor-version":[{"id":150,"href":"https:\/\/esprit-finitions.fr\/index.php\/wp-json\/wp\/v2\/pages\/70\/revisions\/150"}],"wp:attachment":[{"href":"https:\/\/esprit-finitions.fr\/index.php\/wp-json\/wp\/v2\/media?parent=70"}],"curies":[{"name":"wp","href":"https:\/\/api.w.org\/{rel}","templated":true}]}}