{"id":64,"date":"2019-04-22T18:18:33","date_gmt":"2019-04-22T16:18:33","guid":{"rendered":"http:\/\/esprit-finitions.fr\/?page_id=64"},"modified":"2020-05-31T17:04:31","modified_gmt":"2020-05-31T15:04:31","slug":"solutions","status":"publish","type":"page","link":"https:\/\/esprit-finitions.fr\/index.php\/solutions\/","title":{"rendered":"Solutions"},"content":{"rendered":"\n<h2 class=\"wp-block-heading\"><strong><span style=\"color:#ffffff\" class=\"has-inline-color\">Venez avec vos besoins<br> Repartez avec des solutions<\/span><\/strong><\/h2>\n\n\n\n<figure class=\"wp-block-image size-large is-resized\"><img loading=\"lazy\" decoding=\"async\" src=\"http:\/\/esprit-finitions.fr\/wp-content\/uploads\/2020\/05\/20190223_102659-1-1024x1024.jpg\" alt=\"\" class=\"wp-image-121\" width=\"535\" height=\"535\" srcset=\"https:\/\/esprit-finitions.fr\/wp-content\/uploads\/2020\/05\/20190223_102659-1-1024x1024.jpg 1024w, https:\/\/esprit-finitions.fr\/wp-content\/uploads\/2020\/05\/20190223_102659-1-300x300.jpg 300w, https:\/\/esprit-finitions.fr\/wp-content\/uploads\/2020\/05\/20190223_102659-1-150x150.jpg 150w, https:\/\/esprit-finitions.fr\/wp-content\/uploads\/2020\/05\/20190223_102659-1-768x768.jpg 768w, https:\/\/esprit-finitions.fr\/wp-content\/uploads\/2020\/05\/20190223_102659-1-1536x1536.jpg 1536w, https:\/\/esprit-finitions.fr\/wp-content\/uploads\/2020\/05\/20190223_102659-1-2048x2048.jpg 2048w, https:\/\/esprit-finitions.fr\/wp-content\/uploads\/2020\/05\/20190223_102659-1-1200x1200.jpg 1200w, https:\/\/esprit-finitions.fr\/wp-content\/uploads\/2020\/05\/20190223_102659-1-1980x1980.jpg 1980w\" sizes=\"(max-width: 535px) 100vw, 535px\" \/><\/figure>\n\n\n\n<p>Vous cherchez un couleur particuli\u00e8re ? Vous avez besoin d\u2019une mise en teinte ? Demandez le nuancier, un \u00e9chantillon ou un contretypage.<\/p>\n\n\n\n<p>Esprit Finitions, peut vous proposer une teinte 100% personnalis\u00e9e. Sortez des RAL et des sentiers battus ! Osez les d\u00e9grad\u00e9s, les mouchet\u00e9s\u2026  <br>Les finitions possibles recouvrent aussi une grande vari\u00e9t\u00e9 de rendu et d\u2019effets : <\/p>\n\n\n\n<ul><li>dans les effets subtils de matit\u00e9 (mat ou gloss),<\/li><li>dans les structur\u00e9s. Ex : vernis soft (toucher caoutchouc ou peau de p\u00eache),<\/li><li>dans les rendus : du mat satin\u00e9 au grand brillant. <br><\/li><\/ul>\n\n\n\n<figure class=\"wp-block-image size-large\"><img loading=\"lazy\" decoding=\"async\" width=\"1024\" height=\"576\" src=\"http:\/\/esprit-finitions.fr\/wp-content\/uploads\/2020\/05\/20171030_145711-1024x576.jpg\" alt=\"\" class=\"wp-image-86\" srcset=\"https:\/\/esprit-finitions.fr\/wp-content\/uploads\/2020\/05\/20171030_145711-1024x576.jpg 1024w, https:\/\/esprit-finitions.fr\/wp-content\/uploads\/2020\/05\/20171030_145711-300x169.jpg 300w, https:\/\/esprit-finitions.fr\/wp-content\/uploads\/2020\/05\/20171030_145711-768x432.jpg 768w, https:\/\/esprit-finitions.fr\/wp-content\/uploads\/2020\/05\/20171030_145711-1536x864.jpg 1536w, https:\/\/esprit-finitions.fr\/wp-content\/uploads\/2020\/05\/20171030_145711-2048x1152.jpg 2048w, https:\/\/esprit-finitions.fr\/wp-content\/uploads\/2020\/05\/20171030_145711-1200x675.jpg 1200w, https:\/\/esprit-finitions.fr\/wp-content\/uploads\/2020\/05\/20171030_145711-1980x1114.jpg 1980w\" sizes=\"(max-width: 1024px) 100vw, 1024px\" \/><\/figure>\n\n\n\n<h2 class=\"wp-block-heading\"><strong><span style=\"color:#ffffff\" class=\"has-inline-color\"> Exemple produits : <\/span><\/strong><\/h2>\n\n\n\n<ul><li>Vitrification d\u2019escalier<\/li><li>Cr\u00e9dences de cuisine<\/li><li>PVC phosphorescent<\/li><li>Sablage sur bois<\/li><li>M\u00e9tal projet\u00e9 \u00e0 froid<\/li><\/ul>\n\n\n","protected":false},"excerpt":{"rendered":"<p>Venez avec vos besoins Repartez avec des solutions Vous cherchez un couleur particuli\u00e8re ? Vous avez besoin d\u2019une mise en teinte ? Demandez le nuancier, un \u00e9chantillon ou un contretypage. Esprit Finitions, peut vous proposer une teinte 100% personnalis\u00e9e. Sortez des RAL et des sentiers battus ! Osez les d\u00e9grad\u00e9s, les mouchet\u00e9s\u2026 Les finitions possibles [&hellip;]<\/p>\n","protected":false},"author":1,"featured_media":0,"parent":0,"menu_order":0,"comment_status":"closed","ping_status":"closed","template":"","meta":{"footnotes":""},"_links":{"self":[{"href":"https:\/\/esprit-finitions.fr\/index.php\/wp-json\/wp\/v2\/pages\/64"}],"collection":[{"href":"https:\/\/esprit-finitions.fr\/index.php\/wp-json\/wp\/v2\/pages"}],"about":[{"href":"https:\/\/esprit-finitions.fr\/index.php\/wp-json\/wp\/v2\/types\/page"}],"author":[{"embeddable":true,"href":"https:\/\/esprit-finitions.fr\/index.php\/wp-json\/wp\/v2\/users\/1"}],"replies":[{"embeddable":true,"href":"https:\/\/esprit-finitions.fr\/index.php\/wp-json\/wp\/v2\/comments?post=64"}],"version-history":[{"count":11,"href":"https:\/\/esprit-finitions.fr\/index.php\/wp-json\/wp\/v2\/pages\/64\/revisions"}],"predecessor-version":[{"id":159,"href":"https:\/\/esprit-finitions.fr\/index.php\/wp-json\/wp\/v2\/pages\/64\/revisions\/159"}],"wp:attachment":[{"href":"https:\/\/esprit-finitions.fr\/index.php\/wp-json\/wp\/v2\/media?parent=64"}],"curies":[{"name":"wp","href":"https:\/\/api.w.org\/{rel}","templated":true}]}}