{"id":11,"date":"2019-03-11T19:55:59","date_gmt":"2019-03-11T18:55:59","guid":{"rendered":"http:\/\/esprit-finitions.fr\/?page_id=11"},"modified":"2020-05-31T17:08:19","modified_gmt":"2020-05-31T15:08:19","slug":"a-homepage-section","status":"publish","type":"page","link":"https:\/\/esprit-finitions.fr\/","title":{"rendered":"Savoir-Faire"},"content":{"rendered":"<h2><span style=\"color: #ffffff;\"><strong>Vernis, laque et mise en teinte<\/strong><\/span><\/h2>\n<h3><strong><span style=\"color: #666699;\">BOIS &#8211; PANNEAUX M\u00c9DIUM &#8211; TOUS SUPPORTS<\/span><\/strong><\/h3>\n<h4><span style=\"color: #ffffff;\"><strong>Architecture et d\u00e9coration d&#8217;int\u00e9rieur<\/strong><\/span><\/h4>\n\n\n<div class=\"wp-block-soliloquy-soliloquywp\"><div aria-live=\"polite\" id=\"soliloquy-container-110_1\" class=\"soliloquy-container soliloquy-transition-fade  soliloquy-theme-base\" style=\"max-width:960px;max-height:800px;\"><ul id=\"soliloquy-110_1\" class=\"soliloquy-slider soliloquy-slides soliloquy-wrap soliloquy-clear\"><li aria-hidden=\"true\" class=\"soliloquy-item soliloquy-item-1 soliloquy-image-slide\" draggable=\"false\" style=\"list-style:none\"><img decoding=\"async\" id=\"soliloquy-image-111\" class=\"soliloquy-image soliloquy-image-1\" src=\"https:\/\/esprit-finitions.fr\/wp-content\/uploads\/2020\/05\/20150921_110202-960x800_c.jpg\" alt=\"20150921_110202\" \/><\/li><li aria-hidden=\"true\" class=\"soliloquy-item soliloquy-item-2 soliloquy-image-slide\" draggable=\"false\" style=\"list-style:none\"><img decoding=\"async\" id=\"soliloquy-image-112\" class=\"soliloquy-image soliloquy-image-2\" src=\"https:\/\/esprit-finitions.fr\/wp-content\/uploads\/2020\/05\/20150924_163325-960x800_c.jpg\" alt=\"20150924_163325\" \/><\/li><li aria-hidden=\"true\" class=\"soliloquy-item soliloquy-item-3 soliloquy-image-slide\" draggable=\"false\" style=\"list-style:none\"><img decoding=\"async\" id=\"soliloquy-image-113\" class=\"soliloquy-image soliloquy-image-3\" src=\"https:\/\/esprit-finitions.fr\/wp-content\/uploads\/2020\/05\/20160304_121708-scaled-960x800_c.jpg\" alt=\"20160304_121708\" \/><\/li><li aria-hidden=\"true\" class=\"soliloquy-item soliloquy-item-4 soliloquy-image-slide\" draggable=\"false\" style=\"list-style:none\"><img decoding=\"async\" id=\"soliloquy-image-114\" class=\"soliloquy-image soliloquy-image-4\" src=\"https:\/\/esprit-finitions.fr\/wp-content\/uploads\/2020\/05\/20170302_102729-1-scaled-960x800_c.jpg\" alt=\"20170302_102729\" \/><\/li><li aria-hidden=\"true\" class=\"soliloquy-item soliloquy-item-5 soliloquy-image-slide\" draggable=\"false\" style=\"list-style:none\"><img decoding=\"async\" id=\"soliloquy-image-115\" class=\"soliloquy-image soliloquy-image-5\" src=\"https:\/\/esprit-finitions.fr\/wp-content\/uploads\/2020\/05\/20170323_154628-scaled-960x800_c.jpg\" alt=\"20170323_154628\" \/><\/li><li aria-hidden=\"true\" class=\"soliloquy-item soliloquy-item-6 soliloquy-image-slide\" draggable=\"false\" style=\"list-style:none\"><img decoding=\"async\" id=\"soliloquy-image-116\" class=\"soliloquy-image soliloquy-image-6\" src=\"https:\/\/esprit-finitions.fr\/wp-content\/uploads\/2020\/05\/20171030_143048-scaled-960x800_c.jpg\" alt=\"20171030_143048\" \/><\/li><li aria-hidden=\"true\" class=\"soliloquy-item soliloquy-item-7 soliloquy-image-slide\" draggable=\"false\" style=\"list-style:none\"><img decoding=\"async\" id=\"soliloquy-image-117\" class=\"soliloquy-image soliloquy-image-7\" src=\"https:\/\/esprit-finitions.fr\/wp-content\/uploads\/2020\/05\/20171030_143241-scaled-960x800_c.jpg\" alt=\"20171030_143241\" \/><\/li><li aria-hidden=\"true\" class=\"soliloquy-item soliloquy-item-8 soliloquy-image-slide\" draggable=\"false\" style=\"list-style:none\"><img decoding=\"async\" id=\"soliloquy-image-118\" class=\"soliloquy-image soliloquy-image-8\" src=\"https:\/\/esprit-finitions.fr\/wp-content\/uploads\/2020\/05\/20171030_143722-scaled-960x800_c.jpg\" alt=\"20171030_143722\" \/><\/li><li aria-hidden=\"true\" class=\"soliloquy-item soliloquy-item-9 soliloquy-image-slide\" draggable=\"false\" style=\"list-style:none\"><img decoding=\"async\" id=\"soliloquy-image-120\" class=\"soliloquy-image soliloquy-image-9\" src=\"https:\/\/esprit-finitions.fr\/wp-content\/uploads\/2020\/05\/20190223_102640-scaled-960x800_c.jpg\" alt=\"20190223_102640\" \/><\/li><li aria-hidden=\"true\" class=\"soliloquy-item soliloquy-item-10 soliloquy-image-slide\" draggable=\"false\" style=\"list-style:none\"><img decoding=\"async\" id=\"soliloquy-image-121\" class=\"soliloquy-image soliloquy-image-10\" src=\"https:\/\/esprit-finitions.fr\/wp-content\/uploads\/2020\/05\/20190223_102659-1-scaled-960x800_c.jpg\" alt=\"20190223_102659\" \/><\/li><li aria-hidden=\"true\" class=\"soliloquy-item soliloquy-item-11 soliloquy-image-slide\" draggable=\"false\" style=\"list-style:none\"><img decoding=\"async\" id=\"soliloquy-image-122\" class=\"soliloquy-image soliloquy-image-11\" src=\"https:\/\/esprit-finitions.fr\/wp-content\/uploads\/2020\/05\/20200522_110018-scaled-960x800_c.jpg\" alt=\"20200522_110018\" \/><\/li><li aria-hidden=\"true\" class=\"soliloquy-item soliloquy-item-12 soliloquy-image-slide\" draggable=\"false\" style=\"list-style:none\"><img decoding=\"async\" id=\"soliloquy-image-123\" class=\"soliloquy-image soliloquy-image-12\" src=\"https:\/\/esprit-finitions.fr\/wp-content\/uploads\/2020\/05\/1394616872254-960x800_c.jpg\" alt=\"1394616872254\" \/><\/li><li aria-hidden=\"true\" class=\"soliloquy-item soliloquy-item-13 soliloquy-image-slide\" draggable=\"false\" style=\"list-style:none\"><img decoding=\"async\" id=\"soliloquy-image-124\" class=\"soliloquy-image soliloquy-image-13\" src=\"https:\/\/esprit-finitions.fr\/wp-content\/uploads\/2020\/05\/1394616908470-960x800_c.jpg\" alt=\"1394616908470\" \/><\/li><li aria-hidden=\"true\" class=\"soliloquy-item soliloquy-item-14 soliloquy-image-slide\" draggable=\"false\" style=\"list-style:none\"><img decoding=\"async\" id=\"soliloquy-image-125\" class=\"soliloquy-image soliloquy-image-14\" src=\"https:\/\/esprit-finitions.fr\/wp-content\/uploads\/2020\/05\/1411799376325-960x800_c.jpg\" alt=\"1411799376325\" \/><\/li><li aria-hidden=\"true\" class=\"soliloquy-item soliloquy-item-15 soliloquy-image-slide\" draggable=\"false\" style=\"list-style:none\"><img decoding=\"async\" id=\"soliloquy-image-126\" class=\"soliloquy-image soliloquy-image-15\" src=\"https:\/\/esprit-finitions.fr\/wp-content\/uploads\/2020\/05\/bureau-barreau-1-960x800_c.jpg\" alt=\"bureau barreau\" \/><\/li><li aria-hidden=\"true\" class=\"soliloquy-item soliloquy-item-16 soliloquy-image-slide\" draggable=\"false\" style=\"list-style:none\"><img decoding=\"async\" id=\"soliloquy-image-127\" class=\"soliloquy-image soliloquy-image-16\" src=\"https:\/\/esprit-finitions.fr\/wp-content\/uploads\/2020\/05\/commode-barreau-1-1-e1590935787749-960x800_c.jpg\" alt=\"commode barreau 1\" \/><\/li><li aria-hidden=\"true\" class=\"soliloquy-item soliloquy-item-17 soliloquy-image-slide\" draggable=\"false\" style=\"list-style:none\"><img decoding=\"async\" id=\"soliloquy-image-128\" class=\"soliloquy-image soliloquy-image-17\" src=\"https:\/\/esprit-finitions.fr\/wp-content\/uploads\/2020\/05\/commode-barreau-960x800_c.jpg\" alt=\"commode barreau\" \/><\/li><li aria-hidden=\"true\" class=\"soliloquy-item soliloquy-item-18 soliloquy-image-slide\" draggable=\"false\" style=\"list-style:none\"><img decoding=\"async\" id=\"soliloquy-image-129\" class=\"soliloquy-image soliloquy-image-18\" src=\"https:\/\/esprit-finitions.fr\/wp-content\/uploads\/2020\/05\/dsc01172-960x800_c.jpg\" alt=\"dsc01172\" \/><\/li><li aria-hidden=\"true\" class=\"soliloquy-item soliloquy-item-19 soliloquy-image-slide\" draggable=\"false\" style=\"list-style:none\"><img decoding=\"async\" id=\"soliloquy-image-130\" class=\"soliloquy-image soliloquy-image-19\" src=\"https:\/\/esprit-finitions.fr\/wp-content\/uploads\/2020\/05\/dsc01174-960x800_c.jpg\" alt=\"dsc01174\" \/><\/li><li aria-hidden=\"true\" class=\"soliloquy-item soliloquy-item-20 soliloquy-image-slide\" draggable=\"false\" style=\"list-style:none\"><img decoding=\"async\" id=\"soliloquy-image-131\" class=\"soliloquy-image soliloquy-image-20\" src=\"https:\/\/esprit-finitions.fr\/wp-content\/uploads\/2020\/05\/dsc02185-960x800_c.jpg\" alt=\"dsc02185\" \/><\/li><li aria-hidden=\"true\" class=\"soliloquy-item soliloquy-item-21 soliloquy-image-slide\" draggable=\"false\" style=\"list-style:none\"><img decoding=\"async\" id=\"soliloquy-image-132\" class=\"soliloquy-image soliloquy-image-21\" src=\"https:\/\/esprit-finitions.fr\/wp-content\/uploads\/2020\/05\/dsc02196-960x800_c.jpg\" alt=\"dsc02196\" \/><\/li><li aria-hidden=\"true\" class=\"soliloquy-item soliloquy-item-22 soliloquy-image-slide\" draggable=\"false\" style=\"list-style:none\"><img decoding=\"async\" id=\"soliloquy-image-133\" class=\"soliloquy-image soliloquy-image-22\" src=\"https:\/\/esprit-finitions.fr\/wp-content\/uploads\/2020\/05\/img_0115-960x800_c.jpg\" alt=\"img_0115\" \/><\/li><li aria-hidden=\"true\" class=\"soliloquy-item soliloquy-item-23 soliloquy-image-slide\" draggable=\"false\" style=\"list-style:none\"><img decoding=\"async\" id=\"soliloquy-image-134\" class=\"soliloquy-image soliloquy-image-23\" src=\"https:\/\/esprit-finitions.fr\/wp-content\/uploads\/2020\/05\/img_0174-960x800_c.jpg\" alt=\"img_0174\" \/><\/li><li aria-hidden=\"true\" class=\"soliloquy-item soliloquy-item-24 soliloquy-image-slide\" draggable=\"false\" style=\"list-style:none\"><img decoding=\"async\" id=\"soliloquy-image-135\" class=\"soliloquy-image soliloquy-image-24\" src=\"https:\/\/esprit-finitions.fr\/wp-content\/uploads\/2020\/05\/img_0232-960x800_c.jpg\" alt=\"img_0232\" \/><\/li><li aria-hidden=\"true\" class=\"soliloquy-item soliloquy-item-25 soliloquy-image-slide\" draggable=\"false\" style=\"list-style:none\"><img decoding=\"async\" id=\"soliloquy-image-136\" class=\"soliloquy-image soliloquy-image-25\" src=\"https:\/\/esprit-finitions.fr\/wp-content\/uploads\/2020\/05\/img_0315-960x800_c.jpg\" alt=\"img_0315\" \/><\/li><li aria-hidden=\"true\" class=\"soliloquy-item soliloquy-item-26 soliloquy-image-slide\" draggable=\"false\" style=\"list-style:none\"><img decoding=\"async\" id=\"soliloquy-image-137\" class=\"soliloquy-image soliloquy-image-26\" src=\"https:\/\/esprit-finitions.fr\/wp-content\/uploads\/2020\/05\/img_0317-960x800_c.jpg\" alt=\"img_0317\" \/><\/li><li aria-hidden=\"true\" class=\"soliloquy-item soliloquy-item-27 soliloquy-image-slide\" draggable=\"false\" style=\"list-style:none\"><img decoding=\"async\" id=\"soliloquy-image-138\" class=\"soliloquy-image soliloquy-image-27\" src=\"https:\/\/esprit-finitions.fr\/wp-content\/uploads\/2020\/05\/img_0324-960x800_c.jpg\" alt=\"img_0324\" \/><\/li><li aria-hidden=\"true\" class=\"soliloquy-item soliloquy-item-28 soliloquy-image-slide\" draggable=\"false\" style=\"list-style:none\"><img decoding=\"async\" id=\"soliloquy-image-139\" class=\"soliloquy-image soliloquy-image-28\" src=\"https:\/\/esprit-finitions.fr\/wp-content\/uploads\/2020\/05\/img_0326-960x800_c.jpg\" alt=\"img_0326\" \/><\/li><li aria-hidden=\"true\" class=\"soliloquy-item soliloquy-item-29 soliloquy-image-slide\" draggable=\"false\" style=\"list-style:none\"><img decoding=\"async\" id=\"soliloquy-image-140\" class=\"soliloquy-image soliloquy-image-29\" src=\"https:\/\/esprit-finitions.fr\/wp-content\/uploads\/2020\/05\/secretaire-barreau-960x800_c.jpg\" alt=\"secretaire barreau\" \/><\/li><\/ul><\/div><noscript><style type=\"text\/css\">#soliloquy-container-110_1{opacity:1}<\/style><\/noscript><\/div>\n\n\n\n<h2 class=\"wp-block-heading\"><strong><span style=\"color:#ffffff\" class=\"has-inline-color\">Professionnels et particuliers<\/span><\/strong><\/h2>\n\n\n\n<p><strong>Agenceurs, \u00e9b\u00e9nistes, menuisier, architectes et d\u00e9corateurs :<\/strong> donnez la touche finale \u00e0 vos meubles et \u00e0 vos \u00e9l\u00e9ments d\u2019architecture int\u00e9rieure &#8211; Pi\u00e8ces uniques ou s\u00e9ries.<\/p>\n\n\n\n<p>Esprit finitions applique teinte, laque et vernis des supports tr\u00e8s vari\u00e9s :<\/p>\n\n\n\n<ul><li>Le bois<\/li><li>le PVC<\/li><li>le verre<\/li><li>le m\u00e9tal<\/li><li>placages et m\u00e9diums\u2026 <\/li><\/ul>\n\n\n\n<p><strong>Particuliers et d\u00e9corateurs:<\/strong> Relooking de meubles, de cuisines et d&#8217;agencement.<\/p>\n\n\n\n<figure class=\"wp-block-gallery aligncenter columns-2 is-cropped wp-block-gallery-1 is-layout-flex wp-block-gallery-is-layout-flex\"><ul class=\"blocks-gallery-grid\"><li class=\"blocks-gallery-item\"><figure><img loading=\"lazy\" decoding=\"async\" width=\"800\" height=\"800\" src=\"http:\/\/esprit-finitions.fr\/wp-content\/uploads\/2020\/05\/cuisine-avant.jpg\" alt=\"\" data-id=\"161\" data-full-url=\"http:\/\/esprit-finitions.fr\/wp-content\/uploads\/2020\/05\/cuisine-avant.jpg\" data-link=\"http:\/\/esprit-finitions.fr\/index.php\/a-homepage-section\/cuisine-avant\/\" class=\"wp-image-161\" srcset=\"https:\/\/esprit-finitions.fr\/wp-content\/uploads\/2020\/05\/cuisine-avant.jpg 800w, https:\/\/esprit-finitions.fr\/wp-content\/uploads\/2020\/05\/cuisine-avant-300x300.jpg 300w, https:\/\/esprit-finitions.fr\/wp-content\/uploads\/2020\/05\/cuisine-avant-150x150.jpg 150w, https:\/\/esprit-finitions.fr\/wp-content\/uploads\/2020\/05\/cuisine-avant-768x768.jpg 768w\" sizes=\"(max-width: 800px) 100vw, 800px\" \/><\/figure><\/li><li class=\"blocks-gallery-item\"><figure><img loading=\"lazy\" decoding=\"async\" width=\"800\" height=\"800\" src=\"http:\/\/esprit-finitions.fr\/wp-content\/uploads\/2020\/05\/cuisine-apr\u00e8s-1.jpg\" alt=\"\" data-id=\"160\" data-full-url=\"http:\/\/esprit-finitions.fr\/wp-content\/uploads\/2020\/05\/cuisine-apr\u00e8s-1.jpg\" data-link=\"http:\/\/esprit-finitions.fr\/index.php\/a-homepage-section\/cuisine-apres-1\/\" class=\"wp-image-160\" srcset=\"https:\/\/esprit-finitions.fr\/wp-content\/uploads\/2020\/05\/cuisine-apr\u00e8s-1.jpg 800w, https:\/\/esprit-finitions.fr\/wp-content\/uploads\/2020\/05\/cuisine-apr\u00e8s-1-300x300.jpg 300w, https:\/\/esprit-finitions.fr\/wp-content\/uploads\/2020\/05\/cuisine-apr\u00e8s-1-150x150.jpg 150w, https:\/\/esprit-finitions.fr\/wp-content\/uploads\/2020\/05\/cuisine-apr\u00e8s-1-768x768.jpg 768w\" sizes=\"(max-width: 800px) 100vw, 800px\" \/><\/figure><\/li><\/ul><\/figure>\n\n\n\n<h2 class=\"wp-block-heading\" id=\"u975-2\"><strong><span style=\"color:#ffffff\" class=\"has-inline-color\">Les atouts d&#8217;Esprit finitions :<\/span><\/strong><\/h2>\n\n\n\n<ul><li>Ind\u00e9pendance<\/li><li>R\u00e9activit\u00e9<\/li><li>Relationnel direct<\/li><li>20 ann\u00e9es d&#8217;exp\u00e9rience<\/li><li>Prix comp\u00e9titifs<\/li><li>Devis sous 48H<\/li><\/ul>\n","protected":false},"excerpt":{"rendered":"<p>Vernis, laque et mise en teinte BOIS &#8211; PANNEAUX M\u00c9DIUM &#8211; TOUS SUPPORTS Architecture et d\u00e9coration d&#8217;int\u00e9rieur Professionnels et particuliers Agenceurs, \u00e9b\u00e9nistes, menuisier, architectes et d\u00e9corateurs : donnez la touche finale \u00e0 vos meubles et \u00e0 vos \u00e9l\u00e9ments d\u2019architecture int\u00e9rieure &#8211; Pi\u00e8ces uniques ou s\u00e9ries. Esprit finitions applique teinte, laque et vernis des supports tr\u00e8s [&hellip;]<\/p>\n","protected":false},"author":1,"featured_media":0,"parent":0,"menu_order":0,"comment_status":"closed","ping_status":"closed","template":"","meta":{"footnotes":""},"_links":{"self":[{"href":"https:\/\/esprit-finitions.fr\/index.php\/wp-json\/wp\/v2\/pages\/11"}],"collection":[{"href":"https:\/\/esprit-finitions.fr\/index.php\/wp-json\/wp\/v2\/pages"}],"about":[{"href":"https:\/\/esprit-finitions.fr\/index.php\/wp-json\/wp\/v2\/types\/page"}],"author":[{"embeddable":true,"href":"https:\/\/esprit-finitions.fr\/index.php\/wp-json\/wp\/v2\/users\/1"}],"replies":[{"embeddable":true,"href":"https:\/\/esprit-finitions.fr\/index.php\/wp-json\/wp\/v2\/comments?post=11"}],"version-history":[{"count":18,"href":"https:\/\/esprit-finitions.fr\/index.php\/wp-json\/wp\/v2\/pages\/11\/revisions"}],"predecessor-version":[{"id":162,"href":"https:\/\/esprit-finitions.fr\/index.php\/wp-json\/wp\/v2\/pages\/11\/revisions\/162"}],"wp:attachment":[{"href":"https:\/\/esprit-finitions.fr\/index.php\/wp-json\/wp\/v2\/media?parent=11"}],"curies":[{"name":"wp","href":"https:\/\/api.w.org\/{rel}","templated":true}]}}